{"id":1623,"date":"2023-08-03T09:49:58","date_gmt":"2023-08-03T07:49:58","guid":{"rendered":"https:\/\/whitein.org\/?page_id=1623"},"modified":"2023-08-21T08:37:44","modified_gmt":"2023-08-21T06:37:44","slug":"whitein-fuer-firmenkunden","status":"publish","type":"page","link":"https:\/\/whitein.org\/?page_id=1623","title":{"rendered":"Firmenkunden"},"content":{"rendered":"<div data-colibri-id=\"1623-c1\" class=\"style-609 style-local-1623-c1 position-relative\">\n  <!---->\n  <div data-colibri-component=\"section\" data-colibri-id=\"1623-c2\" id=\"custom\" class=\"h-section h-section-global-spacing d-flex align-items-lg-center align-items-md-center align-items-center style-610 style-local-1623-c2 position-relative\">\n    <!---->\n    <!---->\n    <div class=\"h-section-grid-container h-section-boxed-container\">\n      <!---->\n      <div data-colibri-id=\"1623-c3\" class=\"h-row-container gutters-row-lg-2 gutters-row-md-2 gutters-row-0 gutters-row-v-lg-2 gutters-row-v-md-2 gutters-row-v-2 style-611 style-local-1623-c3 position-relative\">\n        <!---->\n        <div class=\"h-row justify-content-lg-center justify-content-md-center justify-content-center align-items-lg-stretch align-items-md-stretch align-items-stretch gutters-col-lg-2 gutters-col-md-2 gutters-col-0 gutters-col-v-lg-2 gutters-col-v-md-2 gutters-col-v-2\">\n          <!---->\n          <div class=\"h-column h-column-container d-flex h-col-lg-auto h-col-md-auto h-col-auto style-612-outer style-local-1623-c4-outer\">\n            <div data-colibri-id=\"1623-c4\" class=\"d-flex h-flex-basis h-column__inner h-px-lg-2 h-px-md-2 h-px-2 v-inner-lg-2 v-inner-md-2 v-inner-2 style-612 style-local-1623-c4 position-relative\">\n              <!---->\n              <!---->\n              <div class=\"w-100 h-y-container h-column__content h-column__v-align flex-basis-100 align-self-lg-start align-self-md-start align-self-start\">\n                <!---->\n                <div data-colibri-id=\"1623-c5\" class=\"h-text h-text-component style-613 style-local-1623-c5 position-relative h-element\">\n                  <!---->\n                  <!---->\n                  <div class=\"\">\n                    <p>WhiteIn kann Ihrer Organisation im Ernstfall weitreichende Vorteile verschaffen. Wenn Sie diese in Anspruch nehmen wollen, senden wir Ihnen gerne ein Anbot. Bitte benutzen Sie dieses Kontaktformular oder schreiben Sie an <a href=\"mailto:sales@whitein.org\">sales@whitein.org<\/a>.&nbsp;Sie\n                      erhalten zus\u00e4tzlich eine Kopie Ihrer Anfrage an die hier im Formular von Ihnen eingegebene Mailadresse.\n                      <br>Gerne richten wir f\u00fcr Organisationen auch zus\u00e4tzliche technische Benachrichtigungsoptionen ein. Kontaktieren Sie uns einfach!<\/p>\n                    <p>Bitte beachten Sie, dass die Anmeldung von Privatpersonen zwecks Nutzung der Dienste von WhiteIn f\u00fcr Organisationen rechtlich unzul\u00e4ssig ist, sondern Organisationen unseren Dienst als rechtliche Personen abonnieren m\u00fcssen.<\/p>\n                  <\/div>\n                <\/div>\n              <\/div>\n            <\/div>\n          <\/div>\n        <\/div>\n      <\/div>\n    <\/div>\n  <\/div>\n  <div data-colibri-component=\"section\" data-colibri-id=\"1623-c6\" id=\"custom-2\" class=\"h-section h-section-global-spacing d-flex align-items-lg-center align-items-md-center align-items-center style-614 style-local-1623-c6 position-relative\">\n    <!---->\n    <!---->\n    <div class=\"h-section-grid-container h-section-boxed-container\">\n      <!---->\n      <div data-colibri-id=\"1623-c7\" class=\"h-row-container gutters-row-lg-1 gutters-row-md-1 gutters-row-0 gutters-row-v-lg-1 gutters-row-v-md-1 gutters-row-v-1 style-615 style-local-1623-c7 position-relative\">\n        <!---->\n        <div class=\"h-row justify-content-lg-center justify-content-md-center justify-content-center align-items-lg-stretch align-items-md-stretch align-items-stretch gutters-col-lg-1 gutters-col-md-1 gutters-col-0 gutters-col-v-lg-1 gutters-col-v-md-1 gutters-col-v-1\">\n          <!---->\n          <div class=\"h-column h-column-container d-flex h-col-lg-auto h-col-md-auto h-col-auto style-616-outer style-local-1623-c8-outer\">\n            <div data-colibri-id=\"1623-c8\" class=\"d-flex h-flex-basis h-column__inner h-px-lg-1 h-px-md-1 h-px-1 v-inner-lg-1 v-inner-md-1 v-inner-1 style-616 style-local-1623-c8 position-relative\">\n              <!---->\n              <!---->\n              <div class=\"w-100 h-y-container h-column__content h-column__v-align flex-basis-100 align-self-lg-start align-self-md-start align-self-start\">\n                <!---->\n                <div data-colibri-id=\"1623-c9\" class=\"h-text h-text-component style-617 style-local-1623-c9 position-relative h-element\">\n                  <!---->\n                  <!---->\n                  <div class=\"\">\n                    \n<div class=\"wpcf7 no-js\" id=\"wpcf7-f1633-o1\" lang=\"de-DE\" dir=\"ltr\" data-wpcf7-id=\"1633\">\n<div class=\"screen-reader-response\"><p role=\"status\" aria-live=\"polite\" aria-atomic=\"true\"><\/p> <ul><\/ul><\/div>\n<form action=\"\/index.php?rest_route=%2Fwp%2Fv2%2Fpages%2F1623#wpcf7-f1633-o1\" method=\"post\" class=\"wpcf7-form init\" aria-label=\"Kontaktformular\" novalidate=\"novalidate\" data-status=\"init\">\n<fieldset class=\"hidden-fields-container\"><input type=\"hidden\" name=\"_wpcf7\" value=\"1633\" \/><input type=\"hidden\" name=\"_wpcf7_version\" value=\"6.1.5\" \/><input type=\"hidden\" name=\"_wpcf7_locale\" value=\"de_DE\" \/><input type=\"hidden\" name=\"_wpcf7_unit_tag\" value=\"wpcf7-f1633-o1\" \/><input type=\"hidden\" name=\"_wpcf7_container_post\" value=\"0\" \/><input type=\"hidden\" name=\"_wpcf7_posted_data_hash\" value=\"\" \/><input type=\"hidden\" name=\"_wpcf7_recaptcha_response\" value=\"\" \/>\n<\/fieldset>\n<p><label> Firma \/ Organisation<br \/>\n<span class=\"wpcf7-form-control-wrap\" data-name=\"your-name\"><input size=\"40\" maxlength=\"400\" class=\"wpcf7-form-control wpcf7-text wpcf7-validates-as-required\" autocomplete=\"name\" aria-required=\"true\" aria-invalid=\"false\" value=\"\" type=\"text\" name=\"your-name\" \/><\/span> <\/label>\n<\/p>\n<p><label> E-Mail-Adresse<br \/>\n<span class=\"wpcf7-form-control-wrap\" data-name=\"your-email\"><input size=\"40\" maxlength=\"400\" class=\"wpcf7-form-control wpcf7-email wpcf7-validates-as-required wpcf7-text wpcf7-validates-as-email\" autocomplete=\"email\" aria-required=\"true\" aria-invalid=\"false\" value=\"\" type=\"email\" name=\"your-email\" \/><\/span> <\/label>\n<\/p>\n<p><label> Betreff<br \/>\n<span class=\"wpcf7-form-control-wrap\" data-name=\"your-subject\"><input size=\"40\" maxlength=\"400\" class=\"wpcf7-form-control wpcf7-text wpcf7-validates-as-required\" aria-required=\"true\" aria-invalid=\"false\" value=\"Abonnementanfrage\" type=\"text\" name=\"your-subject\" \/><\/span> <\/label>\n<\/p>\n<p><label> Ihre Nachricht (optional)<br \/>\n<span class=\"wpcf7-form-control-wrap\" data-name=\"your-message\"><textarea cols=\"40\" rows=\"10\" maxlength=\"2000\" class=\"wpcf7-form-control wpcf7-textarea\" aria-invalid=\"false\" name=\"your-message\">Wir ersuchen um Zusendung eines Anbotes \u00fcber ein WhiteIn Abonnement mit folgenden Eckdaten:\n\nName der Organisation:\nAnsprechperson:\nEmail:\nTelefon:\n \nAnzahl Mitarbeiter: \nBei Krankenh\u00e4usern, Seniorenheimen ... Anzahl Klienten:\nL\u00e4nge des Abonnements in Monaten (mind. 12):  \n\nWeitere Anforderungen  bzw. Benachrichtungsmethoden:<\/textarea><\/span> <\/label>\n<\/p>\n<p><input class=\"wpcf7-form-control wpcf7-submit has-spinner\" type=\"submit\" value=\"Senden\" \/>\n<\/p><div class=\"wpcf7-response-output\" aria-hidden=\"true\"><\/div>\n<\/form>\n<\/div>\n\n                    <p>\n                      <br>\n                    <\/p>\n                    <p>\n                      <br>\n                    <\/p>\n                    <p>\n                      <br>\n                    <\/p>\n                    <p>\n                      <br>\n                    <\/p>\n                    <p>\n                      <br>\n                    <\/p>\n                    <p>\n                      <br>\n                    <\/p>\n                  <\/div>\n                <\/div>\n              <\/div>\n            <\/div>\n          <\/div>\n        <\/div>\n      <\/div>\n    <\/div>\n  <\/div>\n<\/div>","protected":false},"excerpt":{"rendered":"<p>WhiteIn kann Ihrer Organisation im Ernstfall weitreichende Vorteile verschaffen. Wenn Sie diese in Anspruch nehmen wollen, senden wir Ihnen gerne ein Anbot. Bitte benutzen Sie dieses Kontaktformular oder schreiben Sie an .&nbsp;Sie erhalten zus\u00e4tzlich eine Kopie Ihrer Anfrage an die hier im Formular von Ihnen eingegebene Mailadresse. Gerne richten wir f\u00fcr Organisationen auch zus\u00e4tzliche technische [&hellip;]<\/p>\n","protected":false},"author":1,"featured_media":0,"parent":0,"menu_order":0,"comment_status":"closed","ping_status":"closed","template":"page-templates\/full-width-page.php","meta":{"footnotes":""},"class_list":["post-1623","page","type-page","status-publish","hentry"],"yoast_head":"<!-- This site is optimized with the Yoast SEO plugin v27.4 - https:\/\/yoast.com\/product\/yoast-seo-wordpress\/ -->\n<title>Firmenkunden - White In<\/title>\n<meta name=\"description\" content=\"Firmenkunden, Organisation\" \/>\n<meta name=\"robots\" content=\"index, follow, max-snippet:-1, max-image-preview:large, max-video-preview:-1\" \/>\n<link rel=\"canonical\" href=\"https:\/\/whitein.org\/?page_id=1623\" \/>\n<meta property=\"og:locale\" content=\"en_US\" \/>\n<meta property=\"og:type\" content=\"article\" \/>\n<meta property=\"og:title\" content=\"Firmenkunden - White In\" \/>\n<meta property=\"og:description\" content=\"Firmenkunden, Organisation\" \/>\n<meta property=\"og:url\" content=\"https:\/\/whitein.org\/?page_id=1623\" \/>\n<meta property=\"og:site_name\" content=\"White In\" \/>\n<meta property=\"article:modified_time\" content=\"2023-08-21T06:37:44+00:00\" \/>\n<meta name=\"twitter:card\" content=\"summary_large_image\" \/>\n<meta name=\"twitter:label1\" content=\"Est. reading time\" \/>\n\t<meta name=\"twitter:data1\" content=\"1 minute\" \/>\n<script type=\"application\/ld+json\" class=\"yoast-schema-graph\">{\"@context\":\"https:\\\/\\\/schema.org\",\"@graph\":[{\"@type\":\"WebPage\",\"@id\":\"https:\\\/\\\/whitein.org\\\/?page_id=1623\",\"url\":\"https:\\\/\\\/whitein.org\\\/?page_id=1623\",\"name\":\"Firmenkunden - White In\",\"isPartOf\":{\"@id\":\"https:\\\/\\\/whitein.org\\\/#website\"},\"datePublished\":\"2023-08-03T07:49:58+00:00\",\"dateModified\":\"2023-08-21T06:37:44+00:00\",\"description\":\"Firmenkunden, Organisation\",\"breadcrumb\":{\"@id\":\"https:\\\/\\\/whitein.org\\\/?page_id=1623#breadcrumb\"},\"inLanguage\":\"en-US\",\"potentialAction\":[{\"@type\":\"ReadAction\",\"target\":[\"https:\\\/\\\/whitein.org\\\/?page_id=1623\"]}]},{\"@type\":\"BreadcrumbList\",\"@id\":\"https:\\\/\\\/whitein.org\\\/?page_id=1623#breadcrumb\",\"itemListElement\":[{\"@type\":\"ListItem\",\"position\":1,\"name\":\"Startseite\",\"item\":\"https:\\\/\\\/whitein.org\\\/\"},{\"@type\":\"ListItem\",\"position\":2,\"name\":\"Firmenkunden\"}]},{\"@type\":\"WebSite\",\"@id\":\"https:\\\/\\\/whitein.org\\\/#website\",\"url\":\"https:\\\/\\\/whitein.org\\\/\",\"name\":\"White In\",\"description\":\"\",\"publisher\":{\"@id\":\"https:\\\/\\\/whitein.org\\\/#organization\"},\"potentialAction\":[{\"@type\":\"SearchAction\",\"target\":{\"@type\":\"EntryPoint\",\"urlTemplate\":\"https:\\\/\\\/whitein.org\\\/?s={search_term_string}\"},\"query-input\":{\"@type\":\"PropertyValueSpecification\",\"valueRequired\":true,\"valueName\":\"search_term_string\"}}],\"inLanguage\":\"en-US\"},{\"@type\":\"Organization\",\"@id\":\"https:\\\/\\\/whitein.org\\\/#organization\",\"name\":\"White In\",\"url\":\"https:\\\/\\\/whitein.org\\\/\",\"logo\":{\"@type\":\"ImageObject\",\"inLanguage\":\"en-US\",\"@id\":\"https:\\\/\\\/whitein.org\\\/#\\\/schema\\\/logo\\\/image\\\/\",\"url\":\"https:\\\/\\\/whitein.org\\\/wp-content\\\/uploads\\\/2023\\\/01\\\/cropped-logo_v03.png\",\"contentUrl\":\"https:\\\/\\\/whitein.org\\\/wp-content\\\/uploads\\\/2023\\\/01\\\/cropped-logo_v03.png\",\"width\":1590,\"height\":588,\"caption\":\"White In\"},\"image\":{\"@id\":\"https:\\\/\\\/whitein.org\\\/#\\\/schema\\\/logo\\\/image\\\/\"}}]}<\/script>\n<!-- \/ Yoast SEO plugin. -->","yoast_head_json":{"title":"Firmenkunden - White In","description":"Firmenkunden, Organisation","robots":{"index":"index","follow":"follow","max-snippet":"max-snippet:-1","max-image-preview":"max-image-preview:large","max-video-preview":"max-video-preview:-1"},"canonical":"https:\/\/whitein.org\/?page_id=1623","og_locale":"en_US","og_type":"article","og_title":"Firmenkunden - White In","og_description":"Firmenkunden, Organisation","og_url":"https:\/\/whitein.org\/?page_id=1623","og_site_name":"White In","article_modified_time":"2023-08-21T06:37:44+00:00","twitter_card":"summary_large_image","twitter_misc":{"Est. reading time":"1 minute"},"schema":{"@context":"https:\/\/schema.org","@graph":[{"@type":"WebPage","@id":"https:\/\/whitein.org\/?page_id=1623","url":"https:\/\/whitein.org\/?page_id=1623","name":"Firmenkunden - White In","isPartOf":{"@id":"https:\/\/whitein.org\/#website"},"datePublished":"2023-08-03T07:49:58+00:00","dateModified":"2023-08-21T06:37:44+00:00","description":"Firmenkunden, Organisation","breadcrumb":{"@id":"https:\/\/whitein.org\/?page_id=1623#breadcrumb"},"inLanguage":"en-US","potentialAction":[{"@type":"ReadAction","target":["https:\/\/whitein.org\/?page_id=1623"]}]},{"@type":"BreadcrumbList","@id":"https:\/\/whitein.org\/?page_id=1623#breadcrumb","itemListElement":[{"@type":"ListItem","position":1,"name":"Startseite","item":"https:\/\/whitein.org\/"},{"@type":"ListItem","position":2,"name":"Firmenkunden"}]},{"@type":"WebSite","@id":"https:\/\/whitein.org\/#website","url":"https:\/\/whitein.org\/","name":"White In","description":"","publisher":{"@id":"https:\/\/whitein.org\/#organization"},"potentialAction":[{"@type":"SearchAction","target":{"@type":"EntryPoint","urlTemplate":"https:\/\/whitein.org\/?s={search_term_string}"},"query-input":{"@type":"PropertyValueSpecification","valueRequired":true,"valueName":"search_term_string"}}],"inLanguage":"en-US"},{"@type":"Organization","@id":"https:\/\/whitein.org\/#organization","name":"White In","url":"https:\/\/whitein.org\/","logo":{"@type":"ImageObject","inLanguage":"en-US","@id":"https:\/\/whitein.org\/#\/schema\/logo\/image\/","url":"https:\/\/whitein.org\/wp-content\/uploads\/2023\/01\/cropped-logo_v03.png","contentUrl":"https:\/\/whitein.org\/wp-content\/uploads\/2023\/01\/cropped-logo_v03.png","width":1590,"height":588,"caption":"White In"},"image":{"@id":"https:\/\/whitein.org\/#\/schema\/logo\/image\/"}}]}},"_links":{"self":[{"href":"https:\/\/whitein.org\/index.php?rest_route=\/wp\/v2\/pages\/1623","targetHints":{"allow":["GET"]}}],"collection":[{"href":"https:\/\/whitein.org\/index.php?rest_route=\/wp\/v2\/pages"}],"about":[{"href":"https:\/\/whitein.org\/index.php?rest_route=\/wp\/v2\/types\/page"}],"author":[{"embeddable":true,"href":"https:\/\/whitein.org\/index.php?rest_route=\/wp\/v2\/users\/1"}],"replies":[{"embeddable":true,"href":"https:\/\/whitein.org\/index.php?rest_route=%2Fwp%2Fv2%2Fcomments&post=1623"}],"version-history":[{"count":10,"href":"https:\/\/whitein.org\/index.php?rest_route=\/wp\/v2\/pages\/1623\/revisions"}],"predecessor-version":[{"id":2615,"href":"https:\/\/whitein.org\/index.php?rest_route=\/wp\/v2\/pages\/1623\/revisions\/2615"}],"wp:attachment":[{"href":"https:\/\/whitein.org\/index.php?rest_route=%2Fwp%2Fv2%2Fmedia&parent=1623"}],"curies":[{"name":"wp","href":"https:\/\/api.w.org\/{rel}","templated":true}]}}