{"id":1725,"date":"2023-08-03T12:43:35","date_gmt":"2023-08-03T10:43:35","guid":{"rendered":"https:\/\/whitein.org\/?page_id=1725"},"modified":"2023-08-14T15:53:28","modified_gmt":"2023-08-14T13:53:28","slug":"privatkunden","status":"publish","type":"page","link":"https:\/\/whitein.org\/?page_id=1725","title":{"rendered":"Privatkunden"},"content":{"rendered":"<div data-colibri-id=\"1725-c1\" class=\"style-664 style-local-1725-c1 position-relative\">\n  <!---->\n  <div data-colibri-component=\"section\" data-colibri-id=\"1725-c2\" id=\"custom\" class=\"h-section h-section-global-spacing d-flex align-items-lg-center align-items-md-center align-items-center style-665 style-local-1725-c2 position-relative\">\n    <!---->\n    <!---->\n    <div class=\"h-section-grid-container h-section-boxed-container\">\n      <!---->\n      <div data-colibri-id=\"1725-c3\" class=\"h-row-container gutters-row-lg-2 gutters-row-md-2 gutters-row-0 gutters-row-v-lg-2 gutters-row-v-md-2 gutters-row-v-2 style-666 style-local-1725-c3 position-relative\">\n        <!---->\n        <div class=\"h-row justify-content-lg-center justify-content-md-center justify-content-center align-items-lg-stretch align-items-md-stretch align-items-stretch gutters-col-lg-2 gutters-col-md-2 gutters-col-0 gutters-col-v-lg-2 gutters-col-v-md-2 gutters-col-v-2\">\n          <!---->\n          <div class=\"h-column h-column-container d-flex h-col-lg-auto h-col-md-auto h-col-auto style-667-outer style-local-1725-c4-outer\">\n            <div data-colibri-id=\"1725-c4\" class=\"d-flex h-flex-basis h-column__inner h-px-lg-2 h-px-md-2 h-px-2 v-inner-lg-2 v-inner-md-2 v-inner-2 style-667 style-local-1725-c4 position-relative\">\n              <!---->\n              <!---->\n              <div class=\"w-100 h-y-container h-column__content h-column__v-align flex-basis-100 align-self-lg-start align-self-md-start align-self-start\">\n                <!---->\n                <div data-colibri-id=\"1725-c5\" class=\"h-text h-text-component style-668 style-local-1725-c5 position-relative h-element\">\n                  <!---->\n                  <!---->\n                  <div class=\"\">\n                    <center><br><h3>Ihre gew\u00fcnschte Abonnementl\u00e4nge:<br> Monate,  EUR<\/h3><br><h5>Abonnieren kostet Sie nur eine Minute Ihrer Zeit.<br>Wir verwenden Paypal als Zahlungsdienstleister, deshalb fallen f\u00fcr Sie keinerlei Nebengeb\u00fchren an und Sie m\u00fcssen f\u00fcr die Anmeldung auch nicht bei Paypal registriert sein.<\/h5><form name=\"_xclick\" action=\"https:\/\/www.paypal.com\/cgi-bin\/webscr\" method=\"post\"><input type=\"hidden\" name=\"cmd\" value=\"_xclick\"><input type=\"hidden\" name=\"business\" value=\"payment@whitein.org\"><input type=\"hidden\" name=\"currency_code\" value=\"EUR\"><input type=\"hidden\" name=\"item_name\" value=\"WhiteIn Abonnement  Monate\"><input type=\"hidden\" name=\"return\" value=\"https:\/\/whitein.org\/?page_id=513\"><input type=\"hidden\" name=\"amount\" value=\"\"><input type=\"hidden\" name=\"display\" value=\"1\"><input type=\"hidden\" name=\"rm\" value=\"2\"><table><tr><td align=center><font size=5><b>Ihre Handynummer f&uuml;r WhatsApp<\/td><\/tr><tr><td align=center><\/font><font size=3>Geben Sie hier Ihre WhatsApp-Telefonnummer inklusive Landesvorwahl<br>(also zum Beispiel: <b>0043<\/b>6761234567) ein,<\/td><\/tr><\/td><\/tr><tr><td align=center><\/font><font size=3>und clicken Sie auf Kaufen.<br><b>Bitte verwenden Sie nur Ziffern, KEIN Plus- oder Minuszeichen<\/b><\/font><\/td><\/tr><tr><td align=center>und pr&uuml;fen Sie die eingegebene Telefonnummer sorgf&auml;ltig!<\/td><\/tr><tr><td align=center><br><input min=\"0\" type=\"number\" style=\"background-color: #33ee33; font-size: 24px; height: 36px; border-color: #ff0000; border-width: 4px;\" name=\"on0\" maxlength=\"20\" oninput=\"validity.valid||(value='');\" required><input type=\"hidden\" name=\"monate\" value=><\/td><\/tr><\/table><br><input type=\"image\" src=\"http:\/\/www.paypal.com\/de_DE\/i\/btn\/btn_buynow_LG.gif\" border=\"0\" name=\"submit\" alt=\"Sicher online bezahlen mit PayPal.\"><input type=\"hidden\" name=\"a3\" value=\"5.00\"><input type=\"hidden\" name=\"p3\" value=\"1\"><input type=\"hidden\" name=\"t3\" value=\"M\"><\/form><p><p><h4>Nach der Bezahlung bei Paypal schliessen Sie bitte NICHT das Browserfenster.<br>Sie werden nach 10 Sekunden automatisch zu unserer Website zur\u00fcckgeleitet!<h4><\/center>\n                  <\/div>\n                <\/div>\n              <\/div>\n            <\/div>\n          <\/div>\n        <\/div>\n      <\/div>\n    <\/div>\n  <\/div>\n<\/div>","protected":false},"excerpt":{"rendered":"","protected":false},"author":1,"featured_media":0,"parent":0,"menu_order":0,"comment_status":"closed","ping_status":"closed","template":"page-templates\/full-width-page.php","meta":{"footnotes":""},"class_list":["post-1725","page","type-page","status-publish","hentry"],"yoast_head":"<!-- This site is optimized with the Yoast SEO plugin v27.4 - https:\/\/yoast.com\/product\/yoast-seo-wordpress\/ -->\n<title>Privatkunden - White In<\/title>\n<meta name=\"robots\" content=\"index, follow, max-snippet:-1, max-image-preview:large, max-video-preview:-1\" \/>\n<link rel=\"canonical\" href=\"https:\/\/whitein.org\/?page_id=1725\" \/>\n<meta property=\"og:locale\" content=\"en_US\" \/>\n<meta property=\"og:type\" content=\"article\" \/>\n<meta property=\"og:title\" content=\"Privatkunden - White In\" \/>\n<meta property=\"og:url\" content=\"https:\/\/whitein.org\/?page_id=1725\" \/>\n<meta property=\"og:site_name\" content=\"White In\" \/>\n<meta property=\"article:modified_time\" content=\"2023-08-14T13:53:28+00:00\" \/>\n<meta name=\"twitter:card\" content=\"summary_large_image\" \/>\n<script type=\"application\/ld+json\" class=\"yoast-schema-graph\">{\"@context\":\"https:\\\/\\\/schema.org\",\"@graph\":[{\"@type\":\"WebPage\",\"@id\":\"https:\\\/\\\/whitein.org\\\/?page_id=1725\",\"url\":\"https:\\\/\\\/whitein.org\\\/?page_id=1725\",\"name\":\"Privatkunden - White In\",\"isPartOf\":{\"@id\":\"https:\\\/\\\/whitein.org\\\/#website\"},\"datePublished\":\"2023-08-03T10:43:35+00:00\",\"dateModified\":\"2023-08-14T13:53:28+00:00\",\"breadcrumb\":{\"@id\":\"https:\\\/\\\/whitein.org\\\/?page_id=1725#breadcrumb\"},\"inLanguage\":\"en-US\",\"potentialAction\":[{\"@type\":\"ReadAction\",\"target\":[\"https:\\\/\\\/whitein.org\\\/?page_id=1725\"]}]},{\"@type\":\"BreadcrumbList\",\"@id\":\"https:\\\/\\\/whitein.org\\\/?page_id=1725#breadcrumb\",\"itemListElement\":[{\"@type\":\"ListItem\",\"position\":1,\"name\":\"Startseite\",\"item\":\"https:\\\/\\\/whitein.org\\\/\"},{\"@type\":\"ListItem\",\"position\":2,\"name\":\"Privatkunden\"}]},{\"@type\":\"WebSite\",\"@id\":\"https:\\\/\\\/whitein.org\\\/#website\",\"url\":\"https:\\\/\\\/whitein.org\\\/\",\"name\":\"White In\",\"description\":\"\",\"publisher\":{\"@id\":\"https:\\\/\\\/whitein.org\\\/#organization\"},\"potentialAction\":[{\"@type\":\"SearchAction\",\"target\":{\"@type\":\"EntryPoint\",\"urlTemplate\":\"https:\\\/\\\/whitein.org\\\/?s={search_term_string}\"},\"query-input\":{\"@type\":\"PropertyValueSpecification\",\"valueRequired\":true,\"valueName\":\"search_term_string\"}}],\"inLanguage\":\"en-US\"},{\"@type\":\"Organization\",\"@id\":\"https:\\\/\\\/whitein.org\\\/#organization\",\"name\":\"White In\",\"url\":\"https:\\\/\\\/whitein.org\\\/\",\"logo\":{\"@type\":\"ImageObject\",\"inLanguage\":\"en-US\",\"@id\":\"https:\\\/\\\/whitein.org\\\/#\\\/schema\\\/logo\\\/image\\\/\",\"url\":\"https:\\\/\\\/whitein.org\\\/wp-content\\\/uploads\\\/2023\\\/01\\\/cropped-logo_v03.png\",\"contentUrl\":\"https:\\\/\\\/whitein.org\\\/wp-content\\\/uploads\\\/2023\\\/01\\\/cropped-logo_v03.png\",\"width\":1590,\"height\":588,\"caption\":\"White In\"},\"image\":{\"@id\":\"https:\\\/\\\/whitein.org\\\/#\\\/schema\\\/logo\\\/image\\\/\"}}]}<\/script>\n<!-- \/ Yoast SEO plugin. -->","yoast_head_json":{"title":"Privatkunden - White In","robots":{"index":"index","follow":"follow","max-snippet":"max-snippet:-1","max-image-preview":"max-image-preview:large","max-video-preview":"max-video-preview:-1"},"canonical":"https:\/\/whitein.org\/?page_id=1725","og_locale":"en_US","og_type":"article","og_title":"Privatkunden - White In","og_url":"https:\/\/whitein.org\/?page_id=1725","og_site_name":"White In","article_modified_time":"2023-08-14T13:53:28+00:00","twitter_card":"summary_large_image","schema":{"@context":"https:\/\/schema.org","@graph":[{"@type":"WebPage","@id":"https:\/\/whitein.org\/?page_id=1725","url":"https:\/\/whitein.org\/?page_id=1725","name":"Privatkunden - White In","isPartOf":{"@id":"https:\/\/whitein.org\/#website"},"datePublished":"2023-08-03T10:43:35+00:00","dateModified":"2023-08-14T13:53:28+00:00","breadcrumb":{"@id":"https:\/\/whitein.org\/?page_id=1725#breadcrumb"},"inLanguage":"en-US","potentialAction":[{"@type":"ReadAction","target":["https:\/\/whitein.org\/?page_id=1725"]}]},{"@type":"BreadcrumbList","@id":"https:\/\/whitein.org\/?page_id=1725#breadcrumb","itemListElement":[{"@type":"ListItem","position":1,"name":"Startseite","item":"https:\/\/whitein.org\/"},{"@type":"ListItem","position":2,"name":"Privatkunden"}]},{"@type":"WebSite","@id":"https:\/\/whitein.org\/#website","url":"https:\/\/whitein.org\/","name":"White In","description":"","publisher":{"@id":"https:\/\/whitein.org\/#organization"},"potentialAction":[{"@type":"SearchAction","target":{"@type":"EntryPoint","urlTemplate":"https:\/\/whitein.org\/?s={search_term_string}"},"query-input":{"@type":"PropertyValueSpecification","valueRequired":true,"valueName":"search_term_string"}}],"inLanguage":"en-US"},{"@type":"Organization","@id":"https:\/\/whitein.org\/#organization","name":"White In","url":"https:\/\/whitein.org\/","logo":{"@type":"ImageObject","inLanguage":"en-US","@id":"https:\/\/whitein.org\/#\/schema\/logo\/image\/","url":"https:\/\/whitein.org\/wp-content\/uploads\/2023\/01\/cropped-logo_v03.png","contentUrl":"https:\/\/whitein.org\/wp-content\/uploads\/2023\/01\/cropped-logo_v03.png","width":1590,"height":588,"caption":"White In"},"image":{"@id":"https:\/\/whitein.org\/#\/schema\/logo\/image\/"}}]}},"_links":{"self":[{"href":"https:\/\/whitein.org\/index.php?rest_route=\/wp\/v2\/pages\/1725","targetHints":{"allow":["GET"]}}],"collection":[{"href":"https:\/\/whitein.org\/index.php?rest_route=\/wp\/v2\/pages"}],"about":[{"href":"https:\/\/whitein.org\/index.php?rest_route=\/wp\/v2\/types\/page"}],"author":[{"embeddable":true,"href":"https:\/\/whitein.org\/index.php?rest_route=\/wp\/v2\/users\/1"}],"replies":[{"embeddable":true,"href":"https:\/\/whitein.org\/index.php?rest_route=%2Fwp%2Fv2%2Fcomments&post=1725"}],"version-history":[{"count":15,"href":"https:\/\/whitein.org\/index.php?rest_route=\/wp\/v2\/pages\/1725\/revisions"}],"predecessor-version":[{"id":2526,"href":"https:\/\/whitein.org\/index.php?rest_route=\/wp\/v2\/pages\/1725\/revisions\/2526"}],"wp:attachment":[{"href":"https:\/\/whitein.org\/index.php?rest_route=%2Fwp%2Fv2%2Fmedia&parent=1725"}],"curies":[{"name":"wp","href":"https:\/\/api.w.org\/{rel}","templated":true}]}}