{"id":2067,"date":"2023-08-07T14:14:09","date_gmt":"2023-08-07T12:14:09","guid":{"rendered":"https:\/\/whitein.org\/?page_id=2067"},"modified":"2023-08-09T09:57:43","modified_gmt":"2023-08-09T07:57:43","slug":"nummernaenderung","status":"publish","type":"page","link":"https:\/\/whitein.org\/?page_id=2067","title":{"rendered":"Nummern\u00e4nderung"},"content":{"rendered":"<div data-colibri-id=\"2067-c1\" class=\"style-703 style-local-2067-c1 position-relative\">\n  <!---->\n  <div data-colibri-component=\"section\" data-colibri-id=\"2067-c2\" id=\"custom\" class=\"h-section h-section-global-spacing d-flex align-items-lg-center align-items-md-center align-items-center style-704 style-local-2067-c2 position-relative\">\n    <!---->\n    <!---->\n    <div class=\"h-section-grid-container h-section-boxed-container\">\n      <!---->\n      <div data-colibri-id=\"2067-c3\" class=\"h-row-container gutters-row-lg-2 gutters-row-md-2 gutters-row-0 gutters-row-v-lg-2 gutters-row-v-md-2 gutters-row-v-2 style-705 style-local-2067-c3 position-relative\">\n        <!---->\n        <div class=\"h-row justify-content-lg-center justify-content-md-center justify-content-center align-items-lg-stretch align-items-md-stretch align-items-stretch gutters-col-lg-2 gutters-col-md-2 gutters-col-0 gutters-col-v-lg-2 gutters-col-v-md-2 gutters-col-v-2\">\n          <!---->\n          <div class=\"h-column h-column-container d-flex h-col-lg-auto h-col-md-auto h-col-auto style-706-outer style-local-2067-c4-outer\">\n            <div data-colibri-id=\"2067-c4\" class=\"d-flex h-flex-basis h-column__inner h-px-lg-2 h-px-md-2 h-px-2 v-inner-lg-2 v-inner-md-2 v-inner-2 style-706 style-local-2067-c4 position-relative\">\n              <!---->\n              <!---->\n              <div class=\"w-100 h-y-container h-column__content h-column__v-align flex-basis-100 align-self-lg-start align-self-md-start align-self-start\">\n                <!---->\n                <div data-colibri-id=\"2067-c5\" class=\"h-text h-text-component style-707 style-local-2067-c5 position-relative h-element\">\n                  <!---->\n                  <!---->\n                  <div class=\"\">\n                    <p>Eine \u00c4nderung Ihrer bei uns eingetragenen WhatsApp-Nummer ist jederzeit m\u00f6glich. Bitte f\u00fcllen Sie dazu das hierf\u00fcr vorgesehene Formular aus, wir bearbeiten es dann so schnell wie m\u00f6glich. F\u00fcr eine Bearbeitung ben\u00f6tigen wir <span style=\"font-weight: 300; font-size: 16px; font-family: Poppins; color: rgb(19, 28, 37);\">wir neben alter und neuer WhatsApp Erreichbarkeit&nbsp;<\/span>zumindest\n                      eine der folgenden Informationen:<\/p>\n                    <ul>\n                      <li>Ihre bei paypal hinterlegte Mailadresse<\/li>\n                      <li>Den Paypal Transaktionscode<\/li>\n                      <li>Falls vorhanden, den Gutscheincode<\/li>\n                    <\/ul>\n                    \n<div class=\"wpcf7 no-js\" id=\"wpcf7-f2217-o1\" lang=\"de-DE\" dir=\"ltr\" data-wpcf7-id=\"2217\">\n<div class=\"screen-reader-response\"><p role=\"status\" aria-live=\"polite\" aria-atomic=\"true\"><\/p> <ul><\/ul><\/div>\n<form action=\"\/index.php?rest_route=%2Fwp%2Fv2%2Fpages%2F2067#wpcf7-f2217-o1\" method=\"post\" class=\"wpcf7-form init\" aria-label=\"Kontaktformular\" novalidate=\"novalidate\" data-status=\"init\">\n<fieldset class=\"hidden-fields-container\"><input type=\"hidden\" name=\"_wpcf7\" value=\"2217\" \/><input type=\"hidden\" name=\"_wpcf7_version\" value=\"6.1.5\" \/><input type=\"hidden\" name=\"_wpcf7_locale\" value=\"de_DE\" \/><input type=\"hidden\" name=\"_wpcf7_unit_tag\" value=\"wpcf7-f2217-o1\" \/><input type=\"hidden\" name=\"_wpcf7_container_post\" value=\"0\" \/><input type=\"hidden\" name=\"_wpcf7_posted_data_hash\" value=\"\" \/><input type=\"hidden\" name=\"_wpcf7_recaptcha_response\" value=\"\" \/>\n<\/fieldset>\n<p><label> Betreff<br \/>\n<span class=\"wpcf7-form-control-wrap\" data-name=\"your-subject\"><input size=\"40\" maxlength=\"400\" class=\"wpcf7-form-control wpcf7-text wpcf7-validates-as-required\" aria-required=\"true\" aria-invalid=\"false\" value=\"\u00c4nderung meiner Whatsapp Nummer bei WhiteIn\" type=\"text\" name=\"your-subject\" \/><\/span> <\/label>\n<\/p>\n<p><label> Bisherige WhatsApp Nummer mit Vorwahl<br \/>\n<span class=\"wpcf7-form-control-wrap\" data-name=\"num-old\"><input size=\"40\" maxlength=\"400\" class=\"wpcf7-form-control wpcf7-text wpcf7-validates-as-required\" aria-required=\"true\" aria-invalid=\"false\" value=\"\" type=\"text\" name=\"num-old\" \/><\/span> <\/label>\n<\/p>\n<p><label> Neue WhatsApp Nummer mit Vorwahl<br \/>\n<span class=\"wpcf7-form-control-wrap\" data-name=\"num-new\"><input size=\"40\" maxlength=\"400\" class=\"wpcf7-form-control wpcf7-text wpcf7-validates-as-required\" aria-required=\"true\" aria-invalid=\"false\" value=\"\" type=\"text\" name=\"num-new\" \/><\/span> <\/label>\n<\/p>\n<p><label> PayPal Transaktionsnummer<br \/>\n<span class=\"wpcf7-form-control-wrap\" data-name=\"paypal-txn\"><input size=\"40\" maxlength=\"400\" class=\"wpcf7-form-control wpcf7-text\" aria-invalid=\"false\" value=\"\" type=\"text\" name=\"paypal-txn\" \/><\/span> <\/label>\n<\/p>\n<p><label> Gutscheincode (falls vorhanden)<br \/>\n<span class=\"wpcf7-form-control-wrap\" data-name=\"freecode\"><input size=\"40\" maxlength=\"400\" class=\"wpcf7-form-control wpcf7-text\" aria-invalid=\"false\" value=\"\" type=\"text\" name=\"freecode\" \/><\/span> <\/label>\n<\/p>\n<p><label> E-Mail-Adresse<br \/>\n<span class=\"wpcf7-form-control-wrap\" data-name=\"your-email\"><input size=\"40\" maxlength=\"400\" class=\"wpcf7-form-control wpcf7-email wpcf7-text wpcf7-validates-as-email\" autocomplete=\"email\" aria-invalid=\"false\" value=\"\" type=\"email\" name=\"your-email\" \/><\/span> <\/label>\n<\/p>\n<p><input class=\"wpcf7-form-control wpcf7-submit has-spinner\" type=\"submit\" value=\"Senden\" \/>\n<\/p><div class=\"wpcf7-response-output\" aria-hidden=\"true\"><\/div>\n<\/form>\n<\/div>\n\n                    <p>Sie erhalten zus\u00e4tzlich eine Kopie Ihrer Anfrage an die hier im Formular von Ihnen eingegebene Mailadresse.<\/p>\n                  <\/div>\n                <\/div>\n              <\/div>\n            <\/div>\n          <\/div>\n        <\/div>\n      <\/div>\n    <\/div>\n  <\/div>\n<\/div>","protected":false},"excerpt":{"rendered":"<p>Eine \u00c4nderung Ihrer bei uns eingetragenen WhatsApp-Nummer ist jederzeit m\u00f6glich. Bitte f\u00fcllen Sie dazu das hierf\u00fcr vorgesehene Formular aus, wir bearbeiten es dann so schnell wie m\u00f6glich. F\u00fcr eine Bearbeitung ben\u00f6tigen wir wir neben alter und neuer WhatsApp Erreichbarkeit&nbsp;zumindest eine der folgenden Informationen: Ihre bei paypal hinterlegte Mailadresse Den Paypal Transaktionscode Falls vorhanden, den Gutscheincode [&hellip;]<\/p>\n","protected":false},"author":1,"featured_media":0,"parent":0,"menu_order":0,"comment_status":"closed","ping_status":"closed","template":"page-templates\/full-width-page.php","meta":{"footnotes":""},"class_list":["post-2067","page","type-page","status-publish","hentry"],"yoast_head":"<!-- This site is optimized with the Yoast SEO plugin v27.4 - https:\/\/yoast.com\/product\/yoast-seo-wordpress\/ -->\n<title>Nummern\u00e4nderung - White In<\/title>\n<meta name=\"robots\" content=\"index, follow, max-snippet:-1, max-image-preview:large, max-video-preview:-1\" \/>\n<link rel=\"canonical\" href=\"https:\/\/whitein.org\/?page_id=2067\" \/>\n<meta property=\"og:locale\" content=\"en_US\" \/>\n<meta property=\"og:type\" content=\"article\" \/>\n<meta property=\"og:title\" content=\"Nummern\u00e4nderung - White In\" \/>\n<meta property=\"og:description\" content=\"Eine \u00c4nderung Ihrer bei uns eingetragenen WhatsApp-Nummer ist jederzeit m\u00f6glich. Bitte f\u00fcllen Sie dazu das hierf\u00fcr vorgesehene Formular aus, wir bearbeiten es dann so schnell wie m\u00f6glich. F\u00fcr eine Bearbeitung ben\u00f6tigen wir wir neben alter und neuer WhatsApp Erreichbarkeit&nbsp;zumindest eine der folgenden Informationen: Ihre bei paypal hinterlegte Mailadresse Den Paypal Transaktionscode Falls vorhanden, den Gutscheincode [&hellip;]\" \/>\n<meta property=\"og:url\" content=\"https:\/\/whitein.org\/?page_id=2067\" \/>\n<meta property=\"og:site_name\" content=\"White In\" \/>\n<meta property=\"article:modified_time\" content=\"2023-08-09T07:57:43+00:00\" \/>\n<meta name=\"twitter:card\" content=\"summary_large_image\" \/>\n<script type=\"application\/ld+json\" class=\"yoast-schema-graph\">{\"@context\":\"https:\\\/\\\/schema.org\",\"@graph\":[{\"@type\":\"WebPage\",\"@id\":\"https:\\\/\\\/whitein.org\\\/?page_id=2067\",\"url\":\"https:\\\/\\\/whitein.org\\\/?page_id=2067\",\"name\":\"Nummern\u00e4nderung - White In\",\"isPartOf\":{\"@id\":\"https:\\\/\\\/whitein.org\\\/#website\"},\"datePublished\":\"2023-08-07T12:14:09+00:00\",\"dateModified\":\"2023-08-09T07:57:43+00:00\",\"breadcrumb\":{\"@id\":\"https:\\\/\\\/whitein.org\\\/?page_id=2067#breadcrumb\"},\"inLanguage\":\"en-US\",\"potentialAction\":[{\"@type\":\"ReadAction\",\"target\":[\"https:\\\/\\\/whitein.org\\\/?page_id=2067\"]}]},{\"@type\":\"BreadcrumbList\",\"@id\":\"https:\\\/\\\/whitein.org\\\/?page_id=2067#breadcrumb\",\"itemListElement\":[{\"@type\":\"ListItem\",\"position\":1,\"name\":\"Startseite\",\"item\":\"https:\\\/\\\/whitein.org\\\/\"},{\"@type\":\"ListItem\",\"position\":2,\"name\":\"Nummern\u00e4nderung\"}]},{\"@type\":\"WebSite\",\"@id\":\"https:\\\/\\\/whitein.org\\\/#website\",\"url\":\"https:\\\/\\\/whitein.org\\\/\",\"name\":\"White In\",\"description\":\"\",\"publisher\":{\"@id\":\"https:\\\/\\\/whitein.org\\\/#organization\"},\"potentialAction\":[{\"@type\":\"SearchAction\",\"target\":{\"@type\":\"EntryPoint\",\"urlTemplate\":\"https:\\\/\\\/whitein.org\\\/?s={search_term_string}\"},\"query-input\":{\"@type\":\"PropertyValueSpecification\",\"valueRequired\":true,\"valueName\":\"search_term_string\"}}],\"inLanguage\":\"en-US\"},{\"@type\":\"Organization\",\"@id\":\"https:\\\/\\\/whitein.org\\\/#organization\",\"name\":\"White In\",\"url\":\"https:\\\/\\\/whitein.org\\\/\",\"logo\":{\"@type\":\"ImageObject\",\"inLanguage\":\"en-US\",\"@id\":\"https:\\\/\\\/whitein.org\\\/#\\\/schema\\\/logo\\\/image\\\/\",\"url\":\"https:\\\/\\\/whitein.org\\\/wp-content\\\/uploads\\\/2023\\\/01\\\/cropped-logo_v03.png\",\"contentUrl\":\"https:\\\/\\\/whitein.org\\\/wp-content\\\/uploads\\\/2023\\\/01\\\/cropped-logo_v03.png\",\"width\":1590,\"height\":588,\"caption\":\"White In\"},\"image\":{\"@id\":\"https:\\\/\\\/whitein.org\\\/#\\\/schema\\\/logo\\\/image\\\/\"}}]}<\/script>\n<!-- \/ Yoast SEO plugin. -->","yoast_head_json":{"title":"Nummern\u00e4nderung - White In","robots":{"index":"index","follow":"follow","max-snippet":"max-snippet:-1","max-image-preview":"max-image-preview:large","max-video-preview":"max-video-preview:-1"},"canonical":"https:\/\/whitein.org\/?page_id=2067","og_locale":"en_US","og_type":"article","og_title":"Nummern\u00e4nderung - White In","og_description":"Eine \u00c4nderung Ihrer bei uns eingetragenen WhatsApp-Nummer ist jederzeit m\u00f6glich. Bitte f\u00fcllen Sie dazu das hierf\u00fcr vorgesehene Formular aus, wir bearbeiten es dann so schnell wie m\u00f6glich. F\u00fcr eine Bearbeitung ben\u00f6tigen wir wir neben alter und neuer WhatsApp Erreichbarkeit&nbsp;zumindest eine der folgenden Informationen: Ihre bei paypal hinterlegte Mailadresse Den Paypal Transaktionscode Falls vorhanden, den Gutscheincode [&hellip;]","og_url":"https:\/\/whitein.org\/?page_id=2067","og_site_name":"White In","article_modified_time":"2023-08-09T07:57:43+00:00","twitter_card":"summary_large_image","schema":{"@context":"https:\/\/schema.org","@graph":[{"@type":"WebPage","@id":"https:\/\/whitein.org\/?page_id=2067","url":"https:\/\/whitein.org\/?page_id=2067","name":"Nummern\u00e4nderung - White In","isPartOf":{"@id":"https:\/\/whitein.org\/#website"},"datePublished":"2023-08-07T12:14:09+00:00","dateModified":"2023-08-09T07:57:43+00:00","breadcrumb":{"@id":"https:\/\/whitein.org\/?page_id=2067#breadcrumb"},"inLanguage":"en-US","potentialAction":[{"@type":"ReadAction","target":["https:\/\/whitein.org\/?page_id=2067"]}]},{"@type":"BreadcrumbList","@id":"https:\/\/whitein.org\/?page_id=2067#breadcrumb","itemListElement":[{"@type":"ListItem","position":1,"name":"Startseite","item":"https:\/\/whitein.org\/"},{"@type":"ListItem","position":2,"name":"Nummern\u00e4nderung"}]},{"@type":"WebSite","@id":"https:\/\/whitein.org\/#website","url":"https:\/\/whitein.org\/","name":"White In","description":"","publisher":{"@id":"https:\/\/whitein.org\/#organization"},"potentialAction":[{"@type":"SearchAction","target":{"@type":"EntryPoint","urlTemplate":"https:\/\/whitein.org\/?s={search_term_string}"},"query-input":{"@type":"PropertyValueSpecification","valueRequired":true,"valueName":"search_term_string"}}],"inLanguage":"en-US"},{"@type":"Organization","@id":"https:\/\/whitein.org\/#organization","name":"White In","url":"https:\/\/whitein.org\/","logo":{"@type":"ImageObject","inLanguage":"en-US","@id":"https:\/\/whitein.org\/#\/schema\/logo\/image\/","url":"https:\/\/whitein.org\/wp-content\/uploads\/2023\/01\/cropped-logo_v03.png","contentUrl":"https:\/\/whitein.org\/wp-content\/uploads\/2023\/01\/cropped-logo_v03.png","width":1590,"height":588,"caption":"White In"},"image":{"@id":"https:\/\/whitein.org\/#\/schema\/logo\/image\/"}}]}},"_links":{"self":[{"href":"https:\/\/whitein.org\/index.php?rest_route=\/wp\/v2\/pages\/2067","targetHints":{"allow":["GET"]}}],"collection":[{"href":"https:\/\/whitein.org\/index.php?rest_route=\/wp\/v2\/pages"}],"about":[{"href":"https:\/\/whitein.org\/index.php?rest_route=\/wp\/v2\/types\/page"}],"author":[{"embeddable":true,"href":"https:\/\/whitein.org\/index.php?rest_route=\/wp\/v2\/users\/1"}],"replies":[{"embeddable":true,"href":"https:\/\/whitein.org\/index.php?rest_route=%2Fwp%2Fv2%2Fcomments&post=2067"}],"version-history":[{"count":5,"href":"https:\/\/whitein.org\/index.php?rest_route=\/wp\/v2\/pages\/2067\/revisions"}],"predecessor-version":[{"id":2450,"href":"https:\/\/whitein.org\/index.php?rest_route=\/wp\/v2\/pages\/2067\/revisions\/2450"}],"wp:attachment":[{"href":"https:\/\/whitein.org\/index.php?rest_route=%2Fwp%2Fv2%2Fmedia&parent=2067"}],"curies":[{"name":"wp","href":"https:\/\/api.w.org\/{rel}","templated":true}]}}