{"id":2270,"date":"2023-08-08T11:00:26","date_gmt":"2023-08-08T09:00:26","guid":{"rendered":"https:\/\/whitein.org\/?page_id=2270"},"modified":"2023-08-09T09:56:08","modified_gmt":"2023-08-09T07:56:08","slug":"support","status":"publish","type":"page","link":"https:\/\/whitein.org\/?page_id=2270","title":{"rendered":"Support"},"content":{"rendered":"<div data-colibri-id=\"2270-c1\" class=\"style-713 style-local-2270-c1 position-relative\">\n  <!---->\n  <div data-colibri-component=\"section\" data-colibri-id=\"2270-c2\" id=\"custom\" class=\"h-section h-section-global-spacing d-flex align-items-lg-center align-items-md-center align-items-center style-714 style-local-2270-c2 position-relative\">\n    <!---->\n    <!---->\n    <div class=\"h-section-grid-container h-section-boxed-container\">\n      <!---->\n      <div data-colibri-id=\"2270-c3\" class=\"h-row-container gutters-row-lg-2 gutters-row-md-2 gutters-row-0 gutters-row-v-lg-2 gutters-row-v-md-2 gutters-row-v-2 style-727 style-local-2270-c3 position-relative\">\n        <!---->\n        <div class=\"h-row justify-content-lg-center justify-content-md-center justify-content-center align-items-lg-stretch align-items-md-stretch align-items-stretch gutters-col-lg-2 gutters-col-md-2 gutters-col-0 gutters-col-v-lg-2 gutters-col-v-md-2 gutters-col-v-2\">\n          <!---->\n          <div class=\"h-column h-column-container d-flex h-col-lg-auto h-col-md-auto h-col-auto style-728-outer style-local-2270-c4-outer\">\n            <div data-colibri-id=\"2270-c4\" class=\"d-flex h-flex-basis h-column__inner h-px-lg-2 h-px-md-2 h-px-2 v-inner-lg-2 v-inner-md-2 v-inner-2 style-728 style-local-2270-c4 position-relative\">\n              <!---->\n              <!---->\n              <div class=\"w-100 h-y-container h-column__content h-column__v-align flex-basis-100 align-self-lg-start align-self-md-start align-self-start\">\n                <!---->\n                <div data-colibri-id=\"2270-c5\" class=\"h-text h-text-component style-729 style-local-2270-c5 position-relative h-element\">\n                  <!---->\n                  <!---->\n                  <div class=\"\">\n                    <p><strong>Hilfe und Unterst\u00fctzung<\/strong><\/p>\n                  <\/div>\n                <\/div>\n              <\/div>\n            <\/div>\n          <\/div>\n        <\/div>\n      <\/div>\n      <div data-colibri-id=\"2270-c6\" class=\"h-row-container gutters-row-lg-1 gutters-row-md-1 gutters-row-0 gutters-row-v-lg-1 gutters-row-v-md-1 gutters-row-v-1 style-715 style-local-2270-c6 position-relative\">\n        <!---->\n        <div class=\"h-row justify-content-lg-center justify-content-md-center justify-content-center align-items-lg-stretch align-items-md-stretch align-items-stretch gutters-col-lg-1 gutters-col-md-1 gutters-col-0 gutters-col-v-lg-1 gutters-col-v-md-1 gutters-col-v-1\">\n          <!---->\n          <div class=\"h-column h-column-container d-flex h-col-lg-auto h-col-md-auto h-col-auto style-721-outer style-local-2270-c7-outer\">\n            <div data-colibri-id=\"2270-c7\" class=\"d-flex h-flex-basis h-column__inner h-px-lg-1 h-px-md-1 h-px-1 v-inner-lg-1 v-inner-md-1 v-inner-1 style-721 style-local-2270-c7 position-relative\">\n              <!---->\n              <!---->\n              <div class=\"w-100 h-y-container h-column__content h-column__v-align flex-basis-100 align-self-lg-start align-self-md-start align-self-start\">\n                <!---->\n                <div data-colibri-id=\"2270-c8\" class=\"h-text h-text-component style-732 style-local-2270-c8 position-relative h-element\">\n                  <!---->\n                  <!---->\n                  <div class=\"\">\n                    <p>Gerne helfen wir Ihnen bei Fragen zum Thema WhiteIn weiter.<\/p>\n                    <p>Bitte sehen Sie auch in unsere FAQ-Seite, wo Sie Antworten auf h\u00e4ufig gestellte Fragen finden k\u00f6nnen.<\/p>\n                    <p>\n                      <br>\n                    <\/p>\n                    <p>\n                      <br>\n                    <\/p>\n                  <\/div>\n                <\/div>\n              <\/div>\n            <\/div>\n          <\/div>\n          <div class=\"h-column h-column-container d-flex h-col-lg-auto h-col-md-auto h-col-auto style-722-outer style-local-2270-c9-outer\">\n            <div data-colibri-id=\"2270-c9\" class=\"d-flex h-flex-basis h-column__inner h-px-lg-1 h-px-md-1 h-px-1 v-inner-lg-1 v-inner-md-1 v-inner-1 style-722 style-local-2270-c9 position-relative\">\n              <!---->\n              <!---->\n              <div class=\"w-100 h-y-container h-column__content h-column__v-align flex-basis-100 align-self-lg-start align-self-md-start align-self-start\">\n                <!---->\n                <div data-colibri-id=\"2270-c10\" class=\"h-text h-text-component style-735 style-local-2270-c10 position-relative h-element\">\n                  <!---->\n                  <!---->\n                  <div class=\"\">\n                    <p>Sollten Sie eine \u00c4nderung Ihrer bei uns eingetragenen WhatsApp-Nummer ben\u00f6tigen, so ist das jederzeit m\u00f6glich. Bitte f\u00fcllen Sie dazu das hierf\u00fcr vorgesehene Formular aus, wir bearbeiten es dann so schnell wie m\u00f6glich. F\u00fcr eine Bearbeitung\n                      ben\u00f6tigen wir neben alter und neuer WhatsApp Erreichbarkeit zumindest eine der folgenden Informationen:\n                      <br>\n                    <\/p>\n                    <ul>\n                      <li>Ihre bei paypal hinterlegte Mailadresse<\/li>\n                      <li>Den Paypal Transaktionscode<\/li>\n                      <li>Falls vorhanden, den Gutscheincode<\/li>\n                    <\/ul>\n                    <p>\n                      <br>\n                    <\/p>\n                  <\/div>\n                <\/div>\n              <\/div>\n            <\/div>\n          <\/div>\n        <\/div>\n      <\/div>\n      <div data-colibri-id=\"2270-c11\" class=\"h-row-container gutters-row-lg-1 gutters-row-md-1 gutters-row-0 gutters-row-v-lg-1 gutters-row-v-md-1 gutters-row-v-1 style-745 style-local-2270-c11 position-relative\">\n        <!---->\n        <div class=\"h-row justify-content-lg-center justify-content-md-center justify-content-center align-items-lg-stretch align-items-md-stretch align-items-stretch gutters-col-lg-1 gutters-col-md-1 gutters-col-0 gutters-col-v-lg-1 gutters-col-v-md-1 gutters-col-v-1\">\n          <!---->\n          <div class=\"h-column h-column-container d-flex h-col-lg-auto h-col-md-auto h-col-auto style-746-outer style-local-2270-c12-outer\">\n            <div data-colibri-id=\"2270-c12\" class=\"d-flex h-flex-basis h-column__inner h-px-lg-1 h-px-md-1 h-px-1 v-inner-lg-1 v-inner-md-1 v-inner-1 style-746 style-local-2270-c12 position-relative\">\n              <!---->\n              <!---->\n              <div class=\"w-100 h-y-container h-column__content h-column__v-align flex-basis-100 align-self-lg-start align-self-md-start align-self-start\">\n                <!---->\n                <div data-colibri-id=\"2270-c13\" class=\"h-x-container style-741 style-local-2270-c13 position-relative h-element\">\n                  <!---->\n                  <div class=\"h-x-container-inner style-dynamic-2270-c13-group style-741-spacing style-local-2270-c13-spacing\"><span class=\"h-button__outer style-742-outer style-local-2270-c14-outer d-inline-flex h-element\"><a h-use-smooth-scroll=\"true\" href=\"https:\/\/whitein.org\/?page_id=614\"  data-colibri-id=\"2270-c14\" class=\"d-flex w-100 align-items-center h-button justify-content-lg-center justify-content-md-center justify-content-center style-742 style-local-2270-c14 position-relative\"><!----><!----> <span>Zu den FAQ<\/span><\/a>\n                    <\/span><span class=\"h-button__outer style-747-outer style-local-2270-c15-outer d-inline-flex h-element\"><a h-use-smooth-scroll=\"true\" href=\"https:\/\/whitein.org\/?page_id=2067\"  data-colibri-id=\"2270-c15\" class=\"d-flex w-100 align-items-center h-button justify-content-lg-center justify-content-md-center justify-content-center style-747 style-local-2270-c15 position-relative\"><!----><!----> <span>Nummern\u00c4NDERUNG<\/span><\/a>\n                    <\/span>\n                  <\/div>\n                <\/div>\n              <\/div>\n            <\/div>\n          <\/div>\n        <\/div>\n      <\/div>\n      <div data-colibri-id=\"2270-c16\" class=\"h-row-container gutters-row-lg-1 gutters-row-md-1 gutters-row-0 gutters-row-v-lg-1 gutters-row-v-md-1 gutters-row-v-1 style-739 style-local-2270-c16 position-relative\">\n        <!---->\n        <div class=\"h-row justify-content-lg-center justify-content-md-center justify-content-center align-items-lg-stretch align-items-md-stretch align-items-stretch gutters-col-lg-1 gutters-col-md-1 gutters-col-0 gutters-col-v-lg-1 gutters-col-v-md-1 gutters-col-v-1\">\n          <!---->\n          <div class=\"h-column h-column-container d-flex h-col-lg-auto h-col-md-auto h-col-auto style-740-outer style-local-2270-c17-outer\">\n            <div data-colibri-id=\"2270-c17\" class=\"d-flex h-flex-basis h-column__inner h-px-lg-1 h-px-md-1 h-px-1 v-inner-lg-1 v-inner-md-1 v-inner-1 style-740 style-local-2270-c17 position-relative\">\n              <!---->\n              <!---->\n              <div class=\"w-100 h-y-container h-column__content h-column__v-align flex-basis-100 align-self-lg-start align-self-md-start align-self-start\">\n                <!---->\n                <div data-colibri-id=\"2270-c18\" class=\"h-text h-text-component style-748 style-local-2270-c18 position-relative h-element\">\n                  <!---->\n                  <!---->\n                  <div class=\"\">\n                    <p><span style=\"color: rgb(19, 28, 37); font-family: Poppins; font-size: 16px; font-weight: 300;\">F\u00fcr alle anderen Anfragen ben\u00fctzen Sie bitte dieses Webformular oder senden Sie eine Email an&nbsp;<\/span>\n                      <a href=\"mailto:support@whitein.org\"\n                        style=\"color: rgb(0, 102, 204); font-family: Poppins; font-size: 16px; font-weight: 400;\">support@whitein.org<\/a><span style=\"color: rgb(19, 28, 37); font-family: Poppins; font-size: 16px; font-weight: 300;\">.&nbsp;<\/span><\/p>\n                    <p>Sie erhalten zus\u00e4tzlich eine Kopie Ihrer Anfrage an die hier im Formular von Ihnen eingegebene Mailadresse.<\/p>\n                  <\/div>\n                <\/div>\n              <\/div>\n            <\/div>\n          <\/div>\n        <\/div>\n      <\/div>\n      <div data-colibri-id=\"2270-c19\" class=\"h-row-container gutters-row-lg-1 gutters-row-md-1 gutters-row-0 gutters-row-v-lg-1 gutters-row-v-md-1 gutters-row-v-1 style-749 style-local-2270-c19 position-relative\">\n        <!---->\n        <div class=\"h-row justify-content-lg-center justify-content-md-center justify-content-center align-items-lg-stretch align-items-md-stretch align-items-stretch gutters-col-lg-1 gutters-col-md-1 gutters-col-0 gutters-col-v-lg-1 gutters-col-v-md-1 gutters-col-v-1\">\n          <!---->\n          <div class=\"h-column h-column-container d-flex h-col-lg-auto h-col-md-auto h-col-auto style-750-outer style-local-2270-c20-outer\">\n            <div data-colibri-id=\"2270-c20\" class=\"d-flex h-flex-basis h-column__inner h-px-lg-1 h-px-md-1 h-px-1 v-inner-lg-1 v-inner-md-1 v-inner-1 style-750 style-local-2270-c20 position-relative\">\n              <!---->\n              <!---->\n              <div class=\"w-100 h-y-container h-column__content h-column__v-align flex-basis-100 align-self-lg-start align-self-md-start align-self-start\">\n                <!---->\n                <div data-colibri-id=\"2270-c21\" class=\"h-text h-text-component style-751 style-local-2270-c21 position-relative h-element\">\n                  <!---->\n                  <!---->\n                  <div class=\"\">\n                    <p><span style=\"font-weight: 300; font-size: 16px; font-family: Poppins; color: rgb(19, 28, 37);\">\n<div class=\"wpcf7 no-js\" id=\"wpcf7-f575-o1\" lang=\"de-DE\" dir=\"ltr\" data-wpcf7-id=\"575\">\n<div class=\"screen-reader-response\"><p role=\"status\" aria-live=\"polite\" aria-atomic=\"true\"><\/p> <ul><\/ul><\/div>\n<form action=\"\/index.php?rest_route=%2Fwp%2Fv2%2Fpages%2F2270#wpcf7-f575-o1\" method=\"post\" class=\"wpcf7-form init\" aria-label=\"Kontaktformular\" novalidate=\"novalidate\" data-status=\"init\">\n<fieldset class=\"hidden-fields-container\"><input type=\"hidden\" name=\"_wpcf7\" value=\"575\" \/><input type=\"hidden\" name=\"_wpcf7_version\" value=\"6.1.5\" \/><input type=\"hidden\" name=\"_wpcf7_locale\" value=\"de_DE\" \/><input type=\"hidden\" name=\"_wpcf7_unit_tag\" value=\"wpcf7-f575-o1\" \/><input type=\"hidden\" name=\"_wpcf7_container_post\" value=\"0\" \/><input type=\"hidden\" name=\"_wpcf7_posted_data_hash\" value=\"\" \/><input type=\"hidden\" name=\"_wpcf7_recaptcha_response\" value=\"\" \/>\n<\/fieldset>\n<p><label> Ihr Name<br \/>\n<span class=\"wpcf7-form-control-wrap\" data-name=\"your-name\"><input size=\"40\" maxlength=\"400\" class=\"wpcf7-form-control wpcf7-text wpcf7-validates-as-required\" autocomplete=\"name\" aria-required=\"true\" aria-invalid=\"false\" value=\"\" type=\"text\" name=\"your-name\" \/><\/span> <\/label>\n<\/p>\n<p><label> Ihre E-Mail-Adresse<br \/>\n<span class=\"wpcf7-form-control-wrap\" data-name=\"your-email\"><input size=\"40\" maxlength=\"400\" class=\"wpcf7-form-control wpcf7-email wpcf7-validates-as-required wpcf7-text wpcf7-validates-as-email\" autocomplete=\"email\" aria-required=\"true\" aria-invalid=\"false\" value=\"\" type=\"email\" name=\"your-email\" \/><\/span> <\/label>\n<\/p>\n<p><label> Falls Sie WhiteIn bereits abonniert haben, Ihre WhatsApp Nummer<br \/>\n<span class=\"wpcf7-form-control-wrap\" data-name=\"your-whatsapp\"><input size=\"40\" maxlength=\"400\" class=\"wpcf7-form-control wpcf7-text\" aria-invalid=\"false\" value=\"\" type=\"text\" name=\"your-whatsapp\" \/><\/span> <\/label>\n<\/p>\n<p><label> Betreff<br \/>\n<span class=\"wpcf7-form-control-wrap\" data-name=\"your-subject\"><input size=\"40\" maxlength=\"400\" class=\"wpcf7-form-control wpcf7-text wpcf7-validates-as-required\" aria-required=\"true\" aria-invalid=\"false\" value=\"\" type=\"text\" name=\"your-subject\" \/><\/span> <\/label>\n<\/p>\n<p><label> Ihre Nachricht (optional)<br \/>\n<span class=\"wpcf7-form-control-wrap\" data-name=\"your-message\"><textarea cols=\"40\" rows=\"10\" maxlength=\"2000\" class=\"wpcf7-form-control wpcf7-textarea\" aria-invalid=\"false\" name=\"your-message\"><\/textarea><\/span> <\/label>\n<\/p>\n<p><input class=\"wpcf7-form-control wpcf7-submit has-spinner\" type=\"submit\" value=\"Senden\" \/>\n<\/p><div class=\"wpcf7-response-output\" aria-hidden=\"true\"><\/div>\n<\/form>\n<\/div>\n<\/span><\/p>\n                  <\/div>\n                <\/div>\n              <\/div>\n            <\/div>\n          <\/div>\n        <\/div>\n      <\/div>\n    <\/div>\n  <\/div>\n<\/div>","protected":false},"excerpt":{"rendered":"<p>Hilfe und Unterst\u00fctzung Gerne helfen wir Ihnen bei Fragen zum Thema WhiteIn weiter. Bitte sehen Sie auch in unsere FAQ-Seite, wo Sie Antworten auf h\u00e4ufig gestellte Fragen finden k\u00f6nnen. Sollten Sie eine \u00c4nderung Ihrer bei uns eingetragenen WhatsApp-Nummer ben\u00f6tigen, so ist das jederzeit m\u00f6glich. Bitte f\u00fcllen Sie dazu das hierf\u00fcr vorgesehene Formular aus, wir bearbeiten [&hellip;]<\/p>\n","protected":false},"author":1,"featured_media":0,"parent":0,"menu_order":0,"comment_status":"closed","ping_status":"closed","template":"page-templates\/full-width-page.php","meta":{"footnotes":""},"class_list":["post-2270","page","type-page","status-publish","hentry"],"yoast_head":"<!-- This site is optimized with the Yoast SEO plugin v27.4 - https:\/\/yoast.com\/product\/yoast-seo-wordpress\/ -->\n<title>Support - White In<\/title>\n<meta name=\"robots\" content=\"index, follow, max-snippet:-1, max-image-preview:large, max-video-preview:-1\" \/>\n<link rel=\"canonical\" href=\"https:\/\/whitein.org\/?page_id=2270\" \/>\n<meta property=\"og:locale\" content=\"en_US\" \/>\n<meta property=\"og:type\" content=\"article\" \/>\n<meta property=\"og:title\" content=\"Support - White In\" \/>\n<meta property=\"og:description\" content=\"Hilfe und Unterst\u00fctzung Gerne helfen wir Ihnen bei Fragen zum Thema WhiteIn weiter. Bitte sehen Sie auch in unsere FAQ-Seite, wo Sie Antworten auf h\u00e4ufig gestellte Fragen finden k\u00f6nnen. Sollten Sie eine \u00c4nderung Ihrer bei uns eingetragenen WhatsApp-Nummer ben\u00f6tigen, so ist das jederzeit m\u00f6glich. Bitte f\u00fcllen Sie dazu das hierf\u00fcr vorgesehene Formular aus, wir bearbeiten [&hellip;]\" \/>\n<meta property=\"og:url\" content=\"https:\/\/whitein.org\/?page_id=2270\" \/>\n<meta property=\"og:site_name\" content=\"White In\" \/>\n<meta property=\"article:modified_time\" content=\"2023-08-09T07:56:08+00:00\" \/>\n<meta name=\"twitter:card\" content=\"summary_large_image\" \/>\n<meta name=\"twitter:label1\" content=\"Est. reading time\" \/>\n\t<meta name=\"twitter:data1\" content=\"1 minute\" \/>\n<script type=\"application\/ld+json\" class=\"yoast-schema-graph\">{\"@context\":\"https:\\\/\\\/schema.org\",\"@graph\":[{\"@type\":\"WebPage\",\"@id\":\"https:\\\/\\\/whitein.org\\\/?page_id=2270\",\"url\":\"https:\\\/\\\/whitein.org\\\/?page_id=2270\",\"name\":\"Support - White In\",\"isPartOf\":{\"@id\":\"https:\\\/\\\/whitein.org\\\/#website\"},\"datePublished\":\"2023-08-08T09:00:26+00:00\",\"dateModified\":\"2023-08-09T07:56:08+00:00\",\"breadcrumb\":{\"@id\":\"https:\\\/\\\/whitein.org\\\/?page_id=2270#breadcrumb\"},\"inLanguage\":\"en-US\",\"potentialAction\":[{\"@type\":\"ReadAction\",\"target\":[\"https:\\\/\\\/whitein.org\\\/?page_id=2270\"]}]},{\"@type\":\"BreadcrumbList\",\"@id\":\"https:\\\/\\\/whitein.org\\\/?page_id=2270#breadcrumb\",\"itemListElement\":[{\"@type\":\"ListItem\",\"position\":1,\"name\":\"Startseite\",\"item\":\"https:\\\/\\\/whitein.org\\\/\"},{\"@type\":\"ListItem\",\"position\":2,\"name\":\"Support\"}]},{\"@type\":\"WebSite\",\"@id\":\"https:\\\/\\\/whitein.org\\\/#website\",\"url\":\"https:\\\/\\\/whitein.org\\\/\",\"name\":\"White In\",\"description\":\"\",\"publisher\":{\"@id\":\"https:\\\/\\\/whitein.org\\\/#organization\"},\"potentialAction\":[{\"@type\":\"SearchAction\",\"target\":{\"@type\":\"EntryPoint\",\"urlTemplate\":\"https:\\\/\\\/whitein.org\\\/?s={search_term_string}\"},\"query-input\":{\"@type\":\"PropertyValueSpecification\",\"valueRequired\":true,\"valueName\":\"search_term_string\"}}],\"inLanguage\":\"en-US\"},{\"@type\":\"Organization\",\"@id\":\"https:\\\/\\\/whitein.org\\\/#organization\",\"name\":\"White In\",\"url\":\"https:\\\/\\\/whitein.org\\\/\",\"logo\":{\"@type\":\"ImageObject\",\"inLanguage\":\"en-US\",\"@id\":\"https:\\\/\\\/whitein.org\\\/#\\\/schema\\\/logo\\\/image\\\/\",\"url\":\"https:\\\/\\\/whitein.org\\\/wp-content\\\/uploads\\\/2023\\\/01\\\/cropped-logo_v03.png\",\"contentUrl\":\"https:\\\/\\\/whitein.org\\\/wp-content\\\/uploads\\\/2023\\\/01\\\/cropped-logo_v03.png\",\"width\":1590,\"height\":588,\"caption\":\"White In\"},\"image\":{\"@id\":\"https:\\\/\\\/whitein.org\\\/#\\\/schema\\\/logo\\\/image\\\/\"}}]}<\/script>\n<!-- \/ Yoast SEO plugin. -->","yoast_head_json":{"title":"Support - White In","robots":{"index":"index","follow":"follow","max-snippet":"max-snippet:-1","max-image-preview":"max-image-preview:large","max-video-preview":"max-video-preview:-1"},"canonical":"https:\/\/whitein.org\/?page_id=2270","og_locale":"en_US","og_type":"article","og_title":"Support - White In","og_description":"Hilfe und Unterst\u00fctzung Gerne helfen wir Ihnen bei Fragen zum Thema WhiteIn weiter. Bitte sehen Sie auch in unsere FAQ-Seite, wo Sie Antworten auf h\u00e4ufig gestellte Fragen finden k\u00f6nnen. Sollten Sie eine \u00c4nderung Ihrer bei uns eingetragenen WhatsApp-Nummer ben\u00f6tigen, so ist das jederzeit m\u00f6glich. Bitte f\u00fcllen Sie dazu das hierf\u00fcr vorgesehene Formular aus, wir bearbeiten [&hellip;]","og_url":"https:\/\/whitein.org\/?page_id=2270","og_site_name":"White In","article_modified_time":"2023-08-09T07:56:08+00:00","twitter_card":"summary_large_image","twitter_misc":{"Est. reading time":"1 minute"},"schema":{"@context":"https:\/\/schema.org","@graph":[{"@type":"WebPage","@id":"https:\/\/whitein.org\/?page_id=2270","url":"https:\/\/whitein.org\/?page_id=2270","name":"Support - White In","isPartOf":{"@id":"https:\/\/whitein.org\/#website"},"datePublished":"2023-08-08T09:00:26+00:00","dateModified":"2023-08-09T07:56:08+00:00","breadcrumb":{"@id":"https:\/\/whitein.org\/?page_id=2270#breadcrumb"},"inLanguage":"en-US","potentialAction":[{"@type":"ReadAction","target":["https:\/\/whitein.org\/?page_id=2270"]}]},{"@type":"BreadcrumbList","@id":"https:\/\/whitein.org\/?page_id=2270#breadcrumb","itemListElement":[{"@type":"ListItem","position":1,"name":"Startseite","item":"https:\/\/whitein.org\/"},{"@type":"ListItem","position":2,"name":"Support"}]},{"@type":"WebSite","@id":"https:\/\/whitein.org\/#website","url":"https:\/\/whitein.org\/","name":"White In","description":"","publisher":{"@id":"https:\/\/whitein.org\/#organization"},"potentialAction":[{"@type":"SearchAction","target":{"@type":"EntryPoint","urlTemplate":"https:\/\/whitein.org\/?s={search_term_string}"},"query-input":{"@type":"PropertyValueSpecification","valueRequired":true,"valueName":"search_term_string"}}],"inLanguage":"en-US"},{"@type":"Organization","@id":"https:\/\/whitein.org\/#organization","name":"White In","url":"https:\/\/whitein.org\/","logo":{"@type":"ImageObject","inLanguage":"en-US","@id":"https:\/\/whitein.org\/#\/schema\/logo\/image\/","url":"https:\/\/whitein.org\/wp-content\/uploads\/2023\/01\/cropped-logo_v03.png","contentUrl":"https:\/\/whitein.org\/wp-content\/uploads\/2023\/01\/cropped-logo_v03.png","width":1590,"height":588,"caption":"White In"},"image":{"@id":"https:\/\/whitein.org\/#\/schema\/logo\/image\/"}}]}},"_links":{"self":[{"href":"https:\/\/whitein.org\/index.php?rest_route=\/wp\/v2\/pages\/2270","targetHints":{"allow":["GET"]}}],"collection":[{"href":"https:\/\/whitein.org\/index.php?rest_route=\/wp\/v2\/pages"}],"about":[{"href":"https:\/\/whitein.org\/index.php?rest_route=\/wp\/v2\/types\/page"}],"author":[{"embeddable":true,"href":"https:\/\/whitein.org\/index.php?rest_route=\/wp\/v2\/users\/1"}],"replies":[{"embeddable":true,"href":"https:\/\/whitein.org\/index.php?rest_route=%2Fwp%2Fv2%2Fcomments&post=2270"}],"version-history":[{"count":14,"href":"https:\/\/whitein.org\/index.php?rest_route=\/wp\/v2\/pages\/2270\/revisions"}],"predecessor-version":[{"id":2436,"href":"https:\/\/whitein.org\/index.php?rest_route=\/wp\/v2\/pages\/2270\/revisions\/2436"}],"wp:attachment":[{"href":"https:\/\/whitein.org\/index.php?rest_route=%2Fwp%2Fv2%2Fmedia&parent=2270"}],"curies":[{"name":"wp","href":"https:\/\/api.w.org\/{rel}","templated":true}]}}