{"id":2560,"date":"2023-08-18T15:53:11","date_gmt":"2023-08-18T13:53:11","guid":{"rendered":"https:\/\/whitein.org\/?page_id=2560"},"modified":"2023-08-18T16:09:13","modified_gmt":"2023-08-18T14:09:13","slug":"kooperationspartner","status":"publish","type":"page","link":"https:\/\/whitein.org\/?page_id=2560","title":{"rendered":"Kooperationspartner"},"content":{"rendered":"<div data-colibri-id=\"2560-c1\" class=\"style-770 style-local-2560-c1 position-relative\">\n  <!---->\n  <div data-colibri-component=\"section\" data-colibri-id=\"2560-c2\" id=\"custom\" class=\"h-section h-section-global-spacing d-flex align-items-lg-center align-items-md-center align-items-center style-771 style-local-2560-c2 position-relative\">\n    <!---->\n    <!---->\n    <div class=\"h-section-grid-container h-section-boxed-container\">\n      <!---->\n      <div data-colibri-id=\"2560-c3\" class=\"h-row-container gutters-row-lg-2 gutters-row-md-2 gutters-row-0 gutters-row-v-lg-2 gutters-row-v-md-2 gutters-row-v-2 style-772 style-local-2560-c3 position-relative\">\n        <!---->\n        <div class=\"h-row justify-content-lg-center justify-content-md-center justify-content-center align-items-lg-stretch align-items-md-stretch align-items-stretch gutters-col-lg-2 gutters-col-md-2 gutters-col-0 gutters-col-v-lg-2 gutters-col-v-md-2 gutters-col-v-2\">\n          <!---->\n          <div class=\"h-column h-column-container d-flex h-col-lg-auto h-col-md-auto h-col-auto style-773-outer style-local-2560-c4-outer\">\n            <div data-colibri-id=\"2560-c4\" class=\"d-flex h-flex-basis h-column__inner h-px-lg-2 h-px-md-2 h-px-2 v-inner-lg-2 v-inner-md-2 v-inner-2 style-773 style-local-2560-c4 position-relative\">\n              <!---->\n              <!---->\n              <div class=\"w-100 h-y-container h-column__content h-column__v-align flex-basis-100 align-self-lg-start align-self-md-start align-self-start\">\n                <!---->\n                <div data-colibri-id=\"2560-c5\" class=\"h-text h-text-component style-774 style-local-2560-c5 position-relative h-element\">\n                  <!---->\n                  <!---->\n                  <div class=\"\">\n                    <p>Sie sind an unserer Idee interessiert und m\u00f6chten an unserem Erfolg mitwirken?<\/p>\n                    <p>Werden sie ein WhiteIn Kooperationspartner und verdienen Sie bares Geld f\u00fcr jedes von Ihnen vermittelte WhiteIn Abonnement!<\/p>\n                    <p>Sie brauchen keine finanzielle Vorableistung zu t\u00e4tigen oder zeitaufw\u00e4ndige Vorarbeiten zu leisten. F\u00fcr n\u00e4here Informationen kontaktieren Sie uns bitte unter\n                      <a href=\"mailto:afiliate@whitein.org\">affiliate@whitein.org<\/a>&nbsp;.<\/p>\n                    <p>Wir freuen uns auf die Zusammenarbeit mit Ihnen!<\/p>\n                  <\/div>\n                <\/div>\n              <\/div>\n            <\/div>\n          <\/div>\n          <div class=\"h-column h-column-container d-flex h-col-lg-auto h-col-md-auto h-col-auto style-783-outer style-local-2560-c6-outer\">\n            <div data-colibri-id=\"2560-c6\" class=\"d-flex h-flex-basis h-column__inner h-px-lg-2 h-px-md-2 h-px-2 v-inner-lg-2 v-inner-md-2 v-inner-2 style-783 style-local-2560-c6 position-relative\">\n              <!---->\n              <!---->\n              <div class=\"w-100 h-y-container h-column__content h-column__v-align flex-basis-100 align-self-lg-start align-self-md-start align-self-start\">\n                <!---->\n                <div data-colibri-id=\"2560-c7\" class=\"d-block style-784 style-local-2560-c7 position-relative h-element\">\n                  <!---->\n                  <div class=\"h-image__frame-container-outer\">\n                    <div class=\"h-image__frame-container\">\n                      <!---->\n                      <!---->\n                      <img loading=\"lazy\" decoding=\"async\" width=\"1280\" height=\"853\" src=\"http:\/\/whitein.org\/wp-content\/uploads\/2023\/08\/hintergrund_04.jpg\" class=\"wp-image-2532 style-784-image style-local-2560-c7-image\" alt=\"\" srcset=\"https:\/\/whitein.org\/wp-content\/uploads\/2023\/08\/hintergrund_04.jpg 1280w, https:\/\/whitein.org\/wp-content\/uploads\/2023\/08\/hintergrund_04-300x200.jpg 300w, https:\/\/whitein.org\/wp-content\/uploads\/2023\/08\/hintergrund_04-1024x682.jpg 1024w, https:\/\/whitein.org\/wp-content\/uploads\/2023\/08\/hintergrund_04-768x512.jpg 768w\" sizes=\"auto, (max-width: 1280px) 100vw, 1280px\" \/>\n                      <div class=\"h-image__frame h-hide-lg h-hide-md h-hide-sm style-784-frameImage style-local-2560-c7-frameImage\"><\/div>\n                    <\/div>\n                  <\/div>\n                <\/div>\n              <\/div>\n            <\/div>\n          <\/div>\n        <\/div>\n      <\/div>\n    <\/div>\n  <\/div>\n<\/div>","protected":false},"excerpt":{"rendered":"<p>Sie sind an unserer Idee interessiert und m\u00f6chten an unserem Erfolg mitwirken? Werden sie ein WhiteIn Kooperationspartner und verdienen Sie bares Geld f\u00fcr jedes von Ihnen vermittelte WhiteIn Abonnement! Sie brauchen keine finanzielle Vorableistung zu t\u00e4tigen oder zeitaufw\u00e4ndige Vorarbeiten zu leisten. F\u00fcr n\u00e4here Informationen kontaktieren Sie uns bitte unter affiliate@whitein.org&nbsp;. Wir freuen uns auf die [&hellip;]<\/p>\n","protected":false},"author":1,"featured_media":0,"parent":0,"menu_order":0,"comment_status":"closed","ping_status":"closed","template":"page-templates\/full-width-page.php","meta":{"footnotes":""},"class_list":["post-2560","page","type-page","status-publish","hentry"],"yoast_head":"<!-- This site is optimized with the Yoast SEO plugin v27.4 - https:\/\/yoast.com\/product\/yoast-seo-wordpress\/ -->\n<title>Kooperationspartner - White In<\/title>\n<meta name=\"robots\" content=\"index, follow, max-snippet:-1, max-image-preview:large, max-video-preview:-1\" \/>\n<link rel=\"canonical\" href=\"https:\/\/whitein.org\/?page_id=2560\" \/>\n<meta property=\"og:locale\" content=\"en_US\" \/>\n<meta property=\"og:type\" content=\"article\" \/>\n<meta property=\"og:title\" content=\"Kooperationspartner - White In\" \/>\n<meta property=\"og:description\" content=\"Sie sind an unserer Idee interessiert und m\u00f6chten an unserem Erfolg mitwirken? Werden sie ein WhiteIn Kooperationspartner und verdienen Sie bares Geld f\u00fcr jedes von Ihnen vermittelte WhiteIn Abonnement! Sie brauchen keine finanzielle Vorableistung zu t\u00e4tigen oder zeitaufw\u00e4ndige Vorarbeiten zu leisten. F\u00fcr n\u00e4here Informationen kontaktieren Sie uns bitte unter affiliate@whitein.org&nbsp;. Wir freuen uns auf die [&hellip;]\" \/>\n<meta property=\"og:url\" content=\"https:\/\/whitein.org\/?page_id=2560\" \/>\n<meta property=\"og:site_name\" content=\"White In\" \/>\n<meta property=\"article:modified_time\" content=\"2023-08-18T14:09:13+00:00\" \/>\n<meta property=\"og:image\" content=\"http:\/\/whitein.org\/wp-content\/uploads\/2023\/08\/hintergrund_04.jpg\" \/>\n<meta name=\"twitter:card\" content=\"summary_large_image\" \/>\n<script type=\"application\/ld+json\" class=\"yoast-schema-graph\">{\"@context\":\"https:\\\/\\\/schema.org\",\"@graph\":[{\"@type\":\"WebPage\",\"@id\":\"https:\\\/\\\/whitein.org\\\/?page_id=2560\",\"url\":\"https:\\\/\\\/whitein.org\\\/?page_id=2560\",\"name\":\"Kooperationspartner - White In\",\"isPartOf\":{\"@id\":\"https:\\\/\\\/whitein.org\\\/#website\"},\"primaryImageOfPage\":{\"@id\":\"https:\\\/\\\/whitein.org\\\/?page_id=2560#primaryimage\"},\"image\":{\"@id\":\"https:\\\/\\\/whitein.org\\\/?page_id=2560#primaryimage\"},\"thumbnailUrl\":\"http:\\\/\\\/whitein.org\\\/wp-content\\\/uploads\\\/2023\\\/08\\\/hintergrund_04.jpg\",\"datePublished\":\"2023-08-18T13:53:11+00:00\",\"dateModified\":\"2023-08-18T14:09:13+00:00\",\"breadcrumb\":{\"@id\":\"https:\\\/\\\/whitein.org\\\/?page_id=2560#breadcrumb\"},\"inLanguage\":\"en-US\",\"potentialAction\":[{\"@type\":\"ReadAction\",\"target\":[\"https:\\\/\\\/whitein.org\\\/?page_id=2560\"]}]},{\"@type\":\"ImageObject\",\"inLanguage\":\"en-US\",\"@id\":\"https:\\\/\\\/whitein.org\\\/?page_id=2560#primaryimage\",\"url\":\"http:\\\/\\\/whitein.org\\\/wp-content\\\/uploads\\\/2023\\\/08\\\/hintergrund_04.jpg\",\"contentUrl\":\"http:\\\/\\\/whitein.org\\\/wp-content\\\/uploads\\\/2023\\\/08\\\/hintergrund_04.jpg\"},{\"@type\":\"BreadcrumbList\",\"@id\":\"https:\\\/\\\/whitein.org\\\/?page_id=2560#breadcrumb\",\"itemListElement\":[{\"@type\":\"ListItem\",\"position\":1,\"name\":\"Startseite\",\"item\":\"https:\\\/\\\/whitein.org\\\/\"},{\"@type\":\"ListItem\",\"position\":2,\"name\":\"Kooperationspartner\"}]},{\"@type\":\"WebSite\",\"@id\":\"https:\\\/\\\/whitein.org\\\/#website\",\"url\":\"https:\\\/\\\/whitein.org\\\/\",\"name\":\"White In\",\"description\":\"\",\"publisher\":{\"@id\":\"https:\\\/\\\/whitein.org\\\/#organization\"},\"potentialAction\":[{\"@type\":\"SearchAction\",\"target\":{\"@type\":\"EntryPoint\",\"urlTemplate\":\"https:\\\/\\\/whitein.org\\\/?s={search_term_string}\"},\"query-input\":{\"@type\":\"PropertyValueSpecification\",\"valueRequired\":true,\"valueName\":\"search_term_string\"}}],\"inLanguage\":\"en-US\"},{\"@type\":\"Organization\",\"@id\":\"https:\\\/\\\/whitein.org\\\/#organization\",\"name\":\"White In\",\"url\":\"https:\\\/\\\/whitein.org\\\/\",\"logo\":{\"@type\":\"ImageObject\",\"inLanguage\":\"en-US\",\"@id\":\"https:\\\/\\\/whitein.org\\\/#\\\/schema\\\/logo\\\/image\\\/\",\"url\":\"https:\\\/\\\/whitein.org\\\/wp-content\\\/uploads\\\/2023\\\/01\\\/cropped-logo_v03.png\",\"contentUrl\":\"https:\\\/\\\/whitein.org\\\/wp-content\\\/uploads\\\/2023\\\/01\\\/cropped-logo_v03.png\",\"width\":1590,\"height\":588,\"caption\":\"White In\"},\"image\":{\"@id\":\"https:\\\/\\\/whitein.org\\\/#\\\/schema\\\/logo\\\/image\\\/\"}}]}<\/script>\n<!-- \/ Yoast SEO plugin. -->","yoast_head_json":{"title":"Kooperationspartner - White In","robots":{"index":"index","follow":"follow","max-snippet":"max-snippet:-1","max-image-preview":"max-image-preview:large","max-video-preview":"max-video-preview:-1"},"canonical":"https:\/\/whitein.org\/?page_id=2560","og_locale":"en_US","og_type":"article","og_title":"Kooperationspartner - White In","og_description":"Sie sind an unserer Idee interessiert und m\u00f6chten an unserem Erfolg mitwirken? Werden sie ein WhiteIn Kooperationspartner und verdienen Sie bares Geld f\u00fcr jedes von Ihnen vermittelte WhiteIn Abonnement! Sie brauchen keine finanzielle Vorableistung zu t\u00e4tigen oder zeitaufw\u00e4ndige Vorarbeiten zu leisten. F\u00fcr n\u00e4here Informationen kontaktieren Sie uns bitte unter affiliate@whitein.org&nbsp;. Wir freuen uns auf die [&hellip;]","og_url":"https:\/\/whitein.org\/?page_id=2560","og_site_name":"White In","article_modified_time":"2023-08-18T14:09:13+00:00","og_image":[{"url":"http:\/\/whitein.org\/wp-content\/uploads\/2023\/08\/hintergrund_04.jpg","type":"","width":"","height":""}],"twitter_card":"summary_large_image","schema":{"@context":"https:\/\/schema.org","@graph":[{"@type":"WebPage","@id":"https:\/\/whitein.org\/?page_id=2560","url":"https:\/\/whitein.org\/?page_id=2560","name":"Kooperationspartner - White In","isPartOf":{"@id":"https:\/\/whitein.org\/#website"},"primaryImageOfPage":{"@id":"https:\/\/whitein.org\/?page_id=2560#primaryimage"},"image":{"@id":"https:\/\/whitein.org\/?page_id=2560#primaryimage"},"thumbnailUrl":"http:\/\/whitein.org\/wp-content\/uploads\/2023\/08\/hintergrund_04.jpg","datePublished":"2023-08-18T13:53:11+00:00","dateModified":"2023-08-18T14:09:13+00:00","breadcrumb":{"@id":"https:\/\/whitein.org\/?page_id=2560#breadcrumb"},"inLanguage":"en-US","potentialAction":[{"@type":"ReadAction","target":["https:\/\/whitein.org\/?page_id=2560"]}]},{"@type":"ImageObject","inLanguage":"en-US","@id":"https:\/\/whitein.org\/?page_id=2560#primaryimage","url":"http:\/\/whitein.org\/wp-content\/uploads\/2023\/08\/hintergrund_04.jpg","contentUrl":"http:\/\/whitein.org\/wp-content\/uploads\/2023\/08\/hintergrund_04.jpg"},{"@type":"BreadcrumbList","@id":"https:\/\/whitein.org\/?page_id=2560#breadcrumb","itemListElement":[{"@type":"ListItem","position":1,"name":"Startseite","item":"https:\/\/whitein.org\/"},{"@type":"ListItem","position":2,"name":"Kooperationspartner"}]},{"@type":"WebSite","@id":"https:\/\/whitein.org\/#website","url":"https:\/\/whitein.org\/","name":"White In","description":"","publisher":{"@id":"https:\/\/whitein.org\/#organization"},"potentialAction":[{"@type":"SearchAction","target":{"@type":"EntryPoint","urlTemplate":"https:\/\/whitein.org\/?s={search_term_string}"},"query-input":{"@type":"PropertyValueSpecification","valueRequired":true,"valueName":"search_term_string"}}],"inLanguage":"en-US"},{"@type":"Organization","@id":"https:\/\/whitein.org\/#organization","name":"White In","url":"https:\/\/whitein.org\/","logo":{"@type":"ImageObject","inLanguage":"en-US","@id":"https:\/\/whitein.org\/#\/schema\/logo\/image\/","url":"https:\/\/whitein.org\/wp-content\/uploads\/2023\/01\/cropped-logo_v03.png","contentUrl":"https:\/\/whitein.org\/wp-content\/uploads\/2023\/01\/cropped-logo_v03.png","width":1590,"height":588,"caption":"White In"},"image":{"@id":"https:\/\/whitein.org\/#\/schema\/logo\/image\/"}}]}},"_links":{"self":[{"href":"https:\/\/whitein.org\/index.php?rest_route=\/wp\/v2\/pages\/2560","targetHints":{"allow":["GET"]}}],"collection":[{"href":"https:\/\/whitein.org\/index.php?rest_route=\/wp\/v2\/pages"}],"about":[{"href":"https:\/\/whitein.org\/index.php?rest_route=\/wp\/v2\/types\/page"}],"author":[{"embeddable":true,"href":"https:\/\/whitein.org\/index.php?rest_route=\/wp\/v2\/users\/1"}],"replies":[{"embeddable":true,"href":"https:\/\/whitein.org\/index.php?rest_route=%2Fwp%2Fv2%2Fcomments&post=2560"}],"version-history":[{"count":3,"href":"https:\/\/whitein.org\/index.php?rest_route=\/wp\/v2\/pages\/2560\/revisions"}],"predecessor-version":[{"id":2579,"href":"https:\/\/whitein.org\/index.php?rest_route=\/wp\/v2\/pages\/2560\/revisions\/2579"}],"wp:attachment":[{"href":"https:\/\/whitein.org\/index.php?rest_route=%2Fwp%2Fv2%2Fmedia&parent=2560"}],"curies":[{"name":"wp","href":"https:\/\/api.w.org\/{rel}","templated":true}]}}